{"id":1778,"date":"2023-05-05T15:58:58","date_gmt":"2023-05-05T15:58:58","guid":{"rendered":"https:\/\/bemyownwebmaster.com\/?page_id=1778"},"modified":"2023-05-08T12:29:01","modified_gmt":"2023-05-08T12:29:01","slug":"configuracion-en-vivo","status":"publish","type":"page","link":"https:\/\/bemyownwebmaster.com\/es\/configuracion-en-vivo\/","title":{"rendered":"Configuraci\u00f3n en Vivo"},"content":{"rendered":"<h3 class=\"wp-block-heading\">\u00a1Vamos a configurar tu Propia Tienda de Revendedor!<\/h3>\n\n\n\n<p>Como cliente de Be My Own Webmaster (BMOW), tienes derecho a <strong>una hora de ayuda en vivo<\/strong> para configurar y poner en marcha las cosas.<\/p>\n\n\n\n<p class=\"has-medium-font-size\"><strong>Ser\u00eda bueno tener lo siguiente para obtener resultados \u00f3ptimos.<\/strong><\/p>\n\n\n\n<div class=\"wp-block-columns is-layout-flex wp-container-core-columns-is-layout-d7d455e7 wp-block-columns-is-layout-flex\" style=\"padding-top:0;padding-right:0;padding-bottom:0;padding-left:0\">\n<div class=\"wp-block-column is-vertically-aligned-center is-layout-flow wp-block-column-is-layout-flow\" style=\"padding-top:0;padding-right:0;padding-bottom:0;padding-left:0\">\n<ul class=\"wp-block-list\" style=\"font-size:16px\">\n<li>Logo (escritorio): Proporci\u00f3n de aspecto de 3:1 y tama\u00f1o menor a 500 KB.<\/li>\n\n\n\n<li>Logo (m\u00f3vil): Proporci\u00f3n de aspecto de 1:1 y tama\u00f1o menor a 250 KB.<\/li>\n\n\n\n<li>Imagen Principal (Hero Image): Proporci\u00f3n de aspecto de 3:1 y tama\u00f1o menor a 2 MB.<\/li>\n<\/ul>\n\n\n\n<p style=\"font-size:16px\"><strong>Nota:<\/strong><br>Todos los logotipos deben ser SVG, PNG, JPEG o GIF. El l\u00edmite de tama\u00f1o para la imagen principal es de 2 MB, el l\u00edmite de tama\u00f1o para el logotipo de escritorio es de 500 KB y el l\u00edmite de tama\u00f1o para el logotipo m\u00f3vil es de 250 KB.<\/p>\n\n\n\n<ul class=\"wp-block-list\" style=\"font-size:16px\">\n<li>Proporci\u00f3n de Aspecto 3:1 para la imagen principal (hero image) y el logotipo de escritorio.<\/li>\n\n\n\n<li>Proporci\u00f3n de Aspecto 1:1 para el logotipo m\u00f3vil.<\/li>\n\n\n\n<li>Las im\u00e1genes principales (hero images) no se mostrar\u00e1n en pantallas m\u00e1s peque\u00f1as.<\/li>\n\n\n\n<li>Debido a problemas de compatibilidad, el logotipo de escritorio con el tipo de archivo SVG no se muestra en las comunicaciones por correo electr\u00f3nico.<\/li>\n<\/ul>\n<\/div>\n\n\n\n<div class=\"wp-block-column is-vertically-aligned-center is-layout-flow wp-block-column-is-layout-flow\" style=\"padding-top:0;padding-right:0;padding-bottom:0;padding-left:0\">\n<div class=\"wp-block-uagb-image uagb-block-22680dc9 wp-block-uagb-image--layout-default wp-block-uagb-image--effect-static wp-block-uagb-image--align-none\"><figure class=\"wp-block-uagb-image__figure\"><img decoding=\"async\" data-srcset=\"https:\/\/bemyownwebmaster.com\/wp-content\/uploads\/2023\/05\/Bare-Bone-Business-Builder-Image-Explainer-1-1024x782.png\" data-sizes=\"auto, (max-width: 480px) 150px\" data-src=\"https:\/\/bemyownwebmaster.com\/wp-content\/uploads\/2023\/05\/Bare-Bone-Business-Builder-Image-Explainer-1-1024x782.png\" alt=\"\" class=\"uag-image-1864 lazyload\" width=\"1024\" height=\"782\" title=\"\" src=\"data:image\/svg+xml;base64,PHN2ZyB3aWR0aD0iMSIgaGVpZ2h0PSIxIiB4bWxucz0iaHR0cDovL3d3dy53My5vcmcvMjAwMC9zdmciPjwvc3ZnPg==\" style=\"--smush-placeholder-width: 1024px; --smush-placeholder-aspect-ratio: 1024\/782;\"><\/figure><\/div>\n<\/div>\n<\/div>\n\n\n\n<p style=\"margin-top:var(--wp--preset--spacing--40)\"><strong>Por favor, completa el siguiente formulario para comenzar.<\/strong><\/p>\n\n\n\n<script type=\"text\/javascript\" src=\"https:\/\/form.jotform.com\/jsform\/231243881783057\"><\/script>","protected":false},"excerpt":{"rendered":"<p>Let&#8217;s set up your very own Reseller Storefront! As a Be My Own Webmaster (BMOW) client, you are entitled to one hour of live help to set up the get things going. It would be good to have the following for optimal results. Note:All logos must be an SVG, PNG, JPEG, or GIF. The hero [&hellip;]<\/p>\n","protected":false},"author":1,"featured_media":0,"parent":0,"menu_order":0,"comment_status":"closed","ping_status":"closed","template":"","meta":{"_uag_custom_page_level_css":"","site-sidebar-layout":"default","site-content-layout":"","ast-site-content-layout":"default","site-content-style":"default","site-sidebar-style":"default","ast-global-header-display":"","ast-banner-title-visibility":"","ast-main-header-display":"","ast-hfb-above-header-display":"","ast-hfb-below-header-display":"","ast-hfb-mobile-header-display":"","site-post-title":"","ast-breadcrumbs-content":"","ast-featured-img":"","footer-sml-layout":"","ast-disable-related-posts":"","theme-transparent-header-meta":"","adv-header-id-meta":"","stick-header-meta":"","header-above-stick-meta":"","header-main-stick-meta":"","header-below-stick-meta":"","astra-migrate-meta-layouts":"default","ast-page-background-enabled":"default","ast-page-background-meta":{"desktop":{"background-color":"var(--ast-global-color-4)","background-image":"","background-repeat":"repeat","background-position":"center center","background-size":"auto","background-attachment":"scroll","background-type":"","background-media":"","overlay-type":"","overlay-color":"","overlay-opacity":"","overlay-gradient":""},"tablet":{"background-color":"","background-image":"","background-repeat":"repeat","background-position":"center center","background-size":"auto","background-attachment":"scroll","background-type":"","background-media":"","overlay-type":"","overlay-color":"","overlay-opacity":"","overlay-gradient":""},"mobile":{"background-color":"","background-image":"","background-repeat":"repeat","background-position":"center center","background-size":"auto","background-attachment":"scroll","background-type":"","background-media":"","overlay-type":"","overlay-color":"","overlay-opacity":"","overlay-gradient":""}},"ast-content-background-meta":{"desktop":{"background-color":"var(--ast-global-color-5)","background-image":"","background-repeat":"repeat","background-position":"center center","background-size":"auto","background-attachment":"scroll","background-type":"","background-media":"","overlay-type":"","overlay-color":"","overlay-opacity":"","overlay-gradient":""},"tablet":{"background-color":"var(--ast-global-color-5)","background-image":"","background-repeat":"repeat","background-position":"center center","background-size":"auto","background-attachment":"scroll","background-type":"","background-media":"","overlay-type":"","overlay-color":"","overlay-opacity":"","overlay-gradient":""},"mobile":{"background-color":"var(--ast-global-color-5)","background-image":"","background-repeat":"repeat","background-position":"center center","background-size":"auto","background-attachment":"scroll","background-type":"","background-media":"","overlay-type":"","overlay-color":"","overlay-opacity":"","overlay-gradient":""}},"footnotes":""},"class_list":["post-1778","page","type-page","status-publish","hentry"],"uagb_featured_image_src":{"full":false,"thumbnail":false,"medium":false,"medium_large":false,"large":false,"1536x1536":false,"2048x2048":false,"trp-custom-language-flag":false},"uagb_author_info":{"display_name":"Steve S.","author_link":"https:\/\/bemyownwebmaster.com\/es\/author\/webmaster\/"},"uagb_comment_info":0,"uagb_excerpt":"Let&#8217;s set up your very own Reseller Storefront! As a Be My Own Webmaster (BMOW) client, you are entitled to one hour of live help to set up the get things going. It would be good to have the following for optimal results. Note:All logos must be an SVG, PNG, JPEG, or GIF. The hero&hellip;","_links":{"self":[{"href":"https:\/\/bemyownwebmaster.com\/es\/wp-json\/wp\/v2\/pages\/1778","targetHints":{"allow":["GET"]}}],"collection":[{"href":"https:\/\/bemyownwebmaster.com\/es\/wp-json\/wp\/v2\/pages"}],"about":[{"href":"https:\/\/bemyownwebmaster.com\/es\/wp-json\/wp\/v2\/types\/page"}],"author":[{"embeddable":true,"href":"https:\/\/bemyownwebmaster.com\/es\/wp-json\/wp\/v2\/users\/1"}],"replies":[{"embeddable":true,"href":"https:\/\/bemyownwebmaster.com\/es\/wp-json\/wp\/v2\/comments?post=1778"}],"version-history":[{"count":0,"href":"https:\/\/bemyownwebmaster.com\/es\/wp-json\/wp\/v2\/pages\/1778\/revisions"}],"wp:attachment":[{"href":"https:\/\/bemyownwebmaster.com\/es\/wp-json\/wp\/v2\/media?parent=1778"}],"curies":[{"name":"wp","href":"https:\/\/api.w.org\/{rel}","templated":true}]}}