{"id":1716,"date":"2023-05-04T13:13:42","date_gmt":"2023-05-04T13:13:42","guid":{"rendered":"https:\/\/bemyownwebmaster.com\/?page_id=1716"},"modified":"2023-07-04T11:58:09","modified_gmt":"2023-07-04T11:58:09","slug":"se-real","status":"publish","type":"page","link":"https:\/\/bemyownwebmaster.com\/es\/se-real\/","title":{"rendered":"S\u00e9 Real"},"content":{"rendered":"<h2 class=\"wp-block-heading has-text-align-center\">Sitios Web de Revendedores Reales.<\/h2>\n\n\n\n<p>Los siguientes sitios web son mis propias p\u00e1ginas de revendedor para la tienda est\u00e1ndar de revendedor y una tienda creada con el Constructor de Sitios Web.<br>Ambos son<strong> incluidos<\/strong> con los <a href=\"https:\/\/www.secureserver.net\/set-preference?pl_id=427935&amp;market=es-MX&amp;target=httpsresellers.bemyownwebmaster.com\">Planes de Revendedor Pro y Basic<\/a>.<br><strong>El Storefront de revendedor y el Constructor de Sitios Web son completamente de bricolaje <\/strong>(Hazlo Tu Mismo), o puedes <a href=\"https:\/\/bemyownwebmaster.com\/es\/cotizaciones-sitios\/\" data-type=\"page\" data-id=\"501\">contratarme<\/a> para configurarlos y personalizarlos para ti y tu negocio.<\/p>\n\n\n\n<p><strong>Adicionalmente, he agregado un sitio web personalizado construido en WordPress.<br><\/strong>Este sitio web es para revender todos los productos con los planes de revendedor Pro y B\u00e1sico, y <strong>est\u00e1 disponible<\/strong> para una configuraci\u00f3n totalmente personalizada para tu negocio.<\/p>\n\n\n\n<div class=\"inherit-container-width wp-block-group is-layout-constrained wp-container-core-group-is-layout-fd9e1cf2 wp-block-group-is-layout-constrained\" style=\"border-width:1px;border-radius:6px;margin-bottom:var(--wp--preset--spacing--60);padding-top:var(--wp--preset--spacing--40);padding-right:var(--wp--preset--spacing--40);padding-bottom:var(--wp--preset--spacing--40);padding-left:var(--wp--preset--spacing--40)\">\n<h3 class=\"wp-block-heading\">Tienda Est\u00e1ndar de Revendedor.<\/h3>\n\n\n\n<p style=\"margin-top:var(--wp--preset--spacing--20);margin-right:0;margin-bottom:0;margin-left:0\">Incluido y personalizable con los planes de Revendedor Pro y B\u00e1sico.<\/p>\n\n\n\n<div class=\"wp-block-columns are-vertically-aligned-center has-border-color is-layout-flex wp-container-core-columns-is-layout-8c223435 wp-block-columns-is-layout-flex\" style=\"border-color:#9c9c9c00;margin-bottom:var(--wp--preset--spacing--30);padding-top:0;padding-right:0;padding-bottom:0;padding-left:0\">\n<div class=\"wp-block-column is-vertically-aligned-center is-layout-flow wp-block-column-is-layout-flow\" style=\"padding-top:0;padding-right:0;padding-bottom:0;padding-left:0\">\n<div class=\"wp-block-uagb-image aligncenter uagb-block-6c9e89f6 wp-block-uagb-image--layout-default wp-block-uagb-image--effect-static wp-block-uagb-image--align-center\"><figure class=\"wp-block-uagb-image__figure\"><a class=\"\" href=\"https:\/\/www.secureserver.net\/set-preference?pl_id=588667&amp;market=es-MX&amp;target=httpswww.barebonebusinessbuilder.com\" target=\"_blank\" rel=\"noopener\"><img decoding=\"async\" data-srcset=\"https:\/\/bemyownwebmaster.com\/wp-content\/uploads\/2023\/05\/bare-bone-business-builder-1024x753.png ,https:\/\/bemyownwebmaster.com\/wp-content\/uploads\/2023\/05\/bbbb-1.jpg 780w\" data-sizes=\"auto, (max-width: 480px) 150px\" data-src=\"https:\/\/bemyownwebmaster.com\/wp-content\/uploads\/2023\/05\/bare-bone-business-builder-1024x753.png\" alt=\"bare bone business builder\" class=\"uag-image-1889 lazyload\" width=\"1024\" height=\"753\" title=\"\" src=\"data:image\/svg+xml;base64,PHN2ZyB3aWR0aD0iMSIgaGVpZ2h0PSIxIiB4bWxucz0iaHR0cDovL3d3dy53My5vcmcvMjAwMC9zdmciPjwvc3ZnPg==\" style=\"--smush-placeholder-width: 1024px; --smush-placeholder-aspect-ratio: 1024\/753;\"><\/a><\/figure><\/div>\n<\/div>\n\n\n\n<div class=\"wp-block-column is-vertically-aligned-center is-layout-flow wp-block-column-is-layout-flow\">\n<p style=\"padding-top:var(--wp--preset--spacing--40);padding-bottom:0;font-size:17px;line-height:1.3\"><strong>Lo que puedes cambiar o personalizar.<\/strong><\/p>\n\n\n\n<ul class=\"wp-block-list\" style=\"margin-top:0;margin-right:0;margin-left:0;padding-top:0;padding-left:var(--wp--preset--spacing--40)\">\n<li>Un nombre de dominio personalizado o subdominio<\/li>\n\n\n\n<li>Agregar, eliminar y reorganizar productos en la navegaci\u00f3n<\/li>\n\n\n\n<li>Crear enlaces y categor\u00edas personalizados dentro de la navegaci\u00f3n<\/li>\n\n\n\n<li>El encabezado o logotipo principal para escritorio y dispositivos m\u00f3viles<\/li>\n\n\n\n<li>La imagen principal llamada imagen destacada (hero image)<\/li>\n\n\n\n<li>La selecci\u00f3n de colores de la navegaci\u00f3n y el color principal<\/li>\n<\/ul>\n<\/div>\n<\/div>\n\n\n\n<div class=\"wp-block-uagb-buttons uagb-buttons__outer-wrap uagb-btn__default-btn uagb-btn-tablet__default-btn uagb-btn-mobile__default-btn uagb-block-74e83ad1\"><div class=\"uagb-buttons__wrap uagb-buttons-layout-wrap\">\n<div class=\"wp-block-uagb-buttons-child uagb-buttons__outer-wrap uagb-block-3c2e221a wp-block-button\"><div class=\"uagb-button__wrapper\"><a class=\"uagb-buttons-repeater wp-block-button__link\" href=\"https:\/\/www.secureserver.net\/set-preference?pl_id=588667&amp;market=es-MX&amp;target=httpswww.barebonebusinessbuilder.com\" onclick=\"return true;\" rel=\"follow noopener\" target=\"_blank\"><div class=\"uagb-button__link\">Tienda Est\u00e1ndar de Revendedor.<\/div><\/a><\/div><\/div>\n<\/div><\/div>\n<\/div>\n\n\n\n<div class=\"inherit-container-width wp-block-group is-layout-constrained wp-container-core-group-is-layout-fd9e1cf2 wp-block-group-is-layout-constrained\" style=\"border-width:1px;border-radius:6px;margin-bottom:var(--wp--preset--spacing--60);padding-top:var(--wp--preset--spacing--40);padding-right:var(--wp--preset--spacing--40);padding-bottom:var(--wp--preset--spacing--40);padding-left:var(--wp--preset--spacing--40)\">\n<h3 class=\"wp-block-heading\">Tienda en l\u00ednea utilizando el Creador de P\u00e1ginas Web<\/h3>\n\n\n\n<p style=\"margin-top:var(--wp--preset--spacing--20);margin-right:0;margin-bottom:0;margin-left:0\">Incluido y personalizable con los planes de Revendedor Pro y B\u00e1sico.<\/p>\n\n\n\n<div class=\"wp-block-columns are-vertically-aligned-center has-border-color is-layout-flex wp-container-core-columns-is-layout-8c223435 wp-block-columns-is-layout-flex\" style=\"border-color:#9c9c9c00;margin-bottom:var(--wp--preset--spacing--30);padding-top:0;padding-right:0;padding-bottom:0;padding-left:0\">\n<div class=\"wp-block-column is-vertically-aligned-center is-layout-flow wp-block-column-is-layout-flow\" style=\"padding-top:0;padding-right:0;padding-bottom:0;padding-left:0\">\n<div class=\"wp-block-uagb-image uagb-block-d748a5e3 wp-block-uagb-image--layout-default wp-block-uagb-image--effect-static wp-block-uagb-image--align-none\"><figure class=\"wp-block-uagb-image__figure\"><a class=\"\" href=\"https:\/\/www.creadordep\u00e1ginasweb.com\" target=\"_blank\" rel=\"noopener\"><img decoding=\"async\" data-srcset=\"https:\/\/bemyownwebmaster.com\/wp-content\/uploads\/2023\/05\/bare-boneS-business-builder-1-1024x753.png\" data-sizes=\"auto, (max-width: 480px) 150px\" data-src=\"https:\/\/bemyownwebmaster.com\/wp-content\/uploads\/2023\/05\/bare-boneS-business-builder-1-1024x753.png\" alt=\"bare bones business builder\" class=\"uag-image-1832 lazyload\" width=\"1024\" height=\"753\" title=\"\" src=\"data:image\/svg+xml;base64,PHN2ZyB3aWR0aD0iMSIgaGVpZ2h0PSIxIiB4bWxucz0iaHR0cDovL3d3dy53My5vcmcvMjAwMC9zdmciPjwvc3ZnPg==\" style=\"--smush-placeholder-width: 1024px; --smush-placeholder-aspect-ratio: 1024\/753;\"><\/a><\/figure><\/div>\n<\/div>\n\n\n\n<div class=\"wp-block-column is-vertically-aligned-center is-layout-flow wp-block-column-is-layout-flow\">\n<p style=\"padding-top:var(--wp--preset--spacing--40);padding-bottom:0;font-size:17px;line-height:1.3\"><strong>Lo que puedes cambiar o personalizar.<\/strong><\/p>\n\n\n\n<ul class=\"wp-block-list\" style=\"margin-top:0;margin-right:0;margin-left:0;padding-top:0;padding-left:var(--wp--preset--spacing--40)\">\n<li>Un nombre de dominio personalizado o subdominio<\/li>\n\n\n\n<li>El logotipo y el favicon del encabezado o parte superior para escritorio y dispositivos m\u00f3viles<\/li>\n\n\n\n<li>Estilos de navegaci\u00f3n, ubicaci\u00f3n, navegaci\u00f3n desplegable y banners<\/li>\n\n\n\n<li>Docenas de plantillas pre-dise\u00f1adas para comenzar de inmediato<\/li>\n\n\n\n<li>Agregar y organizar p\u00e1ginas, blogs, formularios, galer\u00edas y mucho m\u00e1s<\/li>\n\n\n\n<li>Optimizaci\u00f3n para motores de b\u00fasqueda (SEO), Google Analytics y Google Maps<\/li>\n\n\n\n<li>Conectar el sitio web con las redes sociales<\/li>\n<\/ul>\n<\/div>\n<\/div>\n\n\n\n<div class=\"wp-block-uagb-buttons uagb-buttons__outer-wrap uagb-btn__default-btn uagb-btn-tablet__default-btn uagb-btn-mobile__default-btn uagb-block-b5d473c2\"><div class=\"uagb-buttons__wrap uagb-buttons-layout-wrap\">\n<div class=\"wp-block-uagb-buttons-child uagb-buttons__outer-wrap uagb-block-746e62af wp-block-button\"><div class=\"uagb-button__wrapper\"><a class=\"uagb-buttons-repeater wp-block-button__link\" href=\"https:\/\/www.creadordep\u00e1ginasweb.com\" onclick=\"return true;\" rel=\"follow noopener\" target=\"_blank\"><div class=\"uagb-button__link\">Creador de P\u00e1ginas Web<\/div><\/a><\/div><\/div>\n<\/div><\/div>\n<\/div>\n\n\n\n<div class=\"inherit-container-width wp-block-group is-layout-constrained wp-container-core-group-is-layout-90d33497 wp-block-group-is-layout-constrained\" style=\"border-width:1px;border-radius:6px;padding-top:var(--wp--preset--spacing--40);padding-right:var(--wp--preset--spacing--40);padding-bottom:var(--wp--preset--spacing--40);padding-left:var(--wp--preset--spacing--40)\">\n<h3 class=\"wp-block-heading\">Tienda personalizada de revendedor utilizando WordPress<\/h3>\n\n\n\n<p class=\"has-link-color wp-elements-56267c7fe0a807103ff77ef3892e3cd5\" style=\"margin-top:var(--wp--preset--spacing--20);margin-right:0;margin-bottom:var(--wp--preset--spacing--20);margin-left:0\">Personalizo y configuro todo utilizando mi propio <a href=\"https:\/\/unejemplo.mx\" target=\"_blank\" rel=\"noreferrer noopener\"><strong>sitio web de WordPress<\/strong><\/a> creado espec\u00edficamente para adaptarse a la imagen corporativa de tu negocio. Esto incluye el logotipo, colores, navegaci\u00f3n, p\u00e1ginas, formularios, integraci\u00f3n de redes sociales y cualquier otra cosa que puedas necesitar.<\/p>\n\n\n\n<div class=\"wp-block-columns are-vertically-aligned-center has-border-color is-layout-flex wp-container-core-columns-is-layout-8c223435 wp-block-columns-is-layout-flex\" style=\"border-color:#9c9c9c00;margin-bottom:var(--wp--preset--spacing--30);padding-top:0;padding-right:0;padding-bottom:0;padding-left:0\">\n<div class=\"wp-block-column is-vertically-aligned-center is-layout-flow wp-block-column-is-layout-flow\" style=\"padding-top:0;padding-right:0;padding-bottom:0;padding-left:0\">\n<div class=\"wp-block-uagb-image aligncenter uagb-block-d921e57d wp-block-uagb-image--layout-default wp-block-uagb-image--effect-static wp-block-uagb-image--align-center\"><figure class=\"wp-block-uagb-image__figure\"><a class=\"\" href=\"https:\/\/unejemplo.mx\" target=\"_blank\" rel=\"noopener\"><img decoding=\"async\" data-srcset=\"https:\/\/bemyownwebmaster.com\/wp-content\/uploads\/2023\/05\/bare-boneS-business-builderS-1024x753.png ,https:\/\/bemyownwebmaster.com\/wp-content\/uploads\/2023\/05\/bbbb-1.jpg 780w\" data-sizes=\"auto, (max-width: 480px) 150px\" data-src=\"https:\/\/bemyownwebmaster.com\/wp-content\/uploads\/2023\/05\/bare-boneS-business-builderS-1024x753.png\" alt=\"\" class=\"uag-image-1833 lazyload\" width=\"1024\" height=\"753\" title=\"\" src=\"data:image\/svg+xml;base64,PHN2ZyB3aWR0aD0iMSIgaGVpZ2h0PSIxIiB4bWxucz0iaHR0cDovL3d3dy53My5vcmcvMjAwMC9zdmciPjwvc3ZnPg==\" style=\"--smush-placeholder-width: 1024px; --smush-placeholder-aspect-ratio: 1024\/753;\"><\/a><\/figure><\/div>\n<\/div>\n\n\n\n<div class=\"wp-block-column is-vertically-aligned-center is-layout-flow wp-block-column-is-layout-flow\">\n<p style=\"padding-top:var(--wp--preset--spacing--40);padding-bottom:0;font-size:17px;line-height:1.3\"><strong>\u00bfQu\u00e9 puedo cambiar o personalizar para ti?<\/strong> &#8211; <em>\u00a1Todo!<\/em><\/p>\n\n\n\n<ul class=\"wp-block-list\" style=\"margin-top:0;margin-right:0;margin-left:0;padding-top:0;padding-left:var(--wp--preset--spacing--40)\">\n<li>Dominios y subdominios multiling\u00fces personalizados<\/li>\n\n\n\n<li>El logotipo y el favicon del encabezado o parte superior para escritorio y dispositivos m\u00f3viles<\/li>\n\n\n\n<li>Logotipo y favicon del encabezado o parte superior para escritorio y dispositivos m\u00f3viles<\/li>\n\n\n\n<li>Cat\u00e1logos y galer\u00edas a medida<\/li>\n\n\n\n<li>Optimizado para SEO en ingl\u00e9s y espa\u00f1ol<\/li>\n\n\n\n<li>Tantas categor\u00edas y tipos de p\u00e1ginas como necesites<\/li>\n\n\n\n<li>Formularios personalizados y marketing por correo electr\u00f3nico receptivo<\/li>\n\n\n\n<li>Optimizaci\u00f3n avanzada para motores de b\u00fasqueda + Google Analytics G4<\/li>\n\n\n\n<li>Generaci\u00f3n de contenido y preguntas con formato Schema<\/li>\n<\/ul>\n<\/div>\n<\/div>\n\n\n\n<div class=\"wp-block-uagb-buttons uagb-buttons__outer-wrap uagb-btn__default-btn uagb-btn-tablet__default-btn uagb-btn-mobile__default-btn uagb-block-dde56c2e\"><div class=\"uagb-buttons__wrap uagb-buttons-layout-wrap\">\n<div class=\"wp-block-uagb-buttons-child uagb-buttons__outer-wrap uagb-block-79ff5df0 wp-block-button\"><div class=\"uagb-button__wrapper\"><a class=\"uagb-buttons-repeater wp-block-button__link\" href=\"https:\/\/unejemplo.mx\" onclick=\"return true;\" rel=\"follow noopener\" target=\"_blank\"><div class=\"uagb-button__link\">Visita el sitio web de WordPress.<\/div><\/a><\/div><\/div>\n<\/div><\/div>\n<\/div>","protected":false},"excerpt":{"rendered":"<p>Real Reseller Websites The websites below are my own Reseller Websites for the Standard Reseller Storefront and a StoreFront made with the Website Builder.Both are included with the Pro and Basic Reseller Plans.The Reseller Storefront and Website Builder are completely DIY (Do It Yourself), or you can hire me to set up and customize them [&hellip;]<\/p>\n","protected":false},"author":1,"featured_media":0,"parent":0,"menu_order":0,"comment_status":"closed","ping_status":"closed","template":"","meta":{"_uag_custom_page_level_css":"","site-sidebar-layout":"default","site-content-layout":"","ast-site-content-layout":"default","site-content-style":"default","site-sidebar-style":"default","ast-global-header-display":"","ast-banner-title-visibility":"","ast-main-header-display":"","ast-hfb-above-header-display":"","ast-hfb-below-header-display":"","ast-hfb-mobile-header-display":"","site-post-title":"","ast-breadcrumbs-content":"","ast-featured-img":"","footer-sml-layout":"","ast-disable-related-posts":"","theme-transparent-header-meta":"","adv-header-id-meta":"","stick-header-meta":"","header-above-stick-meta":"","header-main-stick-meta":"","header-below-stick-meta":"","astra-migrate-meta-layouts":"default","ast-page-background-enabled":"default","ast-page-background-meta":{"desktop":{"background-color":"var(--ast-global-color-4)","background-image":"","background-repeat":"repeat","background-position":"center center","background-size":"auto","background-attachment":"scroll","background-type":"","background-media":"","overlay-type":"","overlay-color":"","overlay-opacity":"","overlay-gradient":""},"tablet":{"background-color":"","background-image":"","background-repeat":"repeat","background-position":"center center","background-size":"auto","background-attachment":"scroll","background-type":"","background-media":"","overlay-type":"","overlay-color":"","overlay-opacity":"","overlay-gradient":""},"mobile":{"background-color":"","background-image":"","background-repeat":"repeat","background-position":"center center","background-size":"auto","background-attachment":"scroll","background-type":"","background-media":"","overlay-type":"","overlay-color":"","overlay-opacity":"","overlay-gradient":""}},"ast-content-background-meta":{"desktop":{"background-color":"var(--ast-global-color-5)","background-image":"","background-repeat":"repeat","background-position":"center center","background-size":"auto","background-attachment":"scroll","background-type":"","background-media":"","overlay-type":"","overlay-color":"","overlay-opacity":"","overlay-gradient":""},"tablet":{"background-color":"var(--ast-global-color-5)","background-image":"","background-repeat":"repeat","background-position":"center center","background-size":"auto","background-attachment":"scroll","background-type":"","background-media":"","overlay-type":"","overlay-color":"","overlay-opacity":"","overlay-gradient":""},"mobile":{"background-color":"var(--ast-global-color-5)","background-image":"","background-repeat":"repeat","background-position":"center center","background-size":"auto","background-attachment":"scroll","background-type":"","background-media":"","overlay-type":"","overlay-color":"","overlay-opacity":"","overlay-gradient":""}},"footnotes":""},"class_list":["post-1716","page","type-page","status-publish","hentry"],"uagb_featured_image_src":{"full":false,"thumbnail":false,"medium":false,"medium_large":false,"large":false,"1536x1536":false,"2048x2048":false,"trp-custom-language-flag":false},"uagb_author_info":{"display_name":"Steve S.","author_link":"https:\/\/bemyownwebmaster.com\/es\/author\/webmaster\/"},"uagb_comment_info":0,"uagb_excerpt":"Real Reseller Websites The websites below are my own Reseller Websites for the Standard Reseller Storefront and a StoreFront made with the Website Builder.Both are included with the Pro and Basic Reseller Plans.The Reseller Storefront and Website Builder are completely DIY (Do It Yourself), or you can hire me to set up and customize them&hellip;","_links":{"self":[{"href":"https:\/\/bemyownwebmaster.com\/es\/wp-json\/wp\/v2\/pages\/1716","targetHints":{"allow":["GET"]}}],"collection":[{"href":"https:\/\/bemyownwebmaster.com\/es\/wp-json\/wp\/v2\/pages"}],"about":[{"href":"https:\/\/bemyownwebmaster.com\/es\/wp-json\/wp\/v2\/types\/page"}],"author":[{"embeddable":true,"href":"https:\/\/bemyownwebmaster.com\/es\/wp-json\/wp\/v2\/users\/1"}],"replies":[{"embeddable":true,"href":"https:\/\/bemyownwebmaster.com\/es\/wp-json\/wp\/v2\/comments?post=1716"}],"version-history":[{"count":0,"href":"https:\/\/bemyownwebmaster.com\/es\/wp-json\/wp\/v2\/pages\/1716\/revisions"}],"wp:attachment":[{"href":"https:\/\/bemyownwebmaster.com\/es\/wp-json\/wp\/v2\/media?parent=1716"}],"curies":[{"name":"wp","href":"https:\/\/api.w.org\/{rel}","templated":true}]}}